{"id":64,"date":"2025-05-31T08:10:41","date_gmt":"2025-05-31T08:10:41","guid":{"rendered":"https:\/\/dr-ramm.de\/apotheke\/?post_type=product&#038;p=64"},"modified":"2025-05-31T08:10:41","modified_gmt":"2025-05-31T08:10:41","slug":"figurol","status":"publish","type":"product","link":"https:\/\/dr-ramm.de\/apotheke\/product\/figurol\/","title":{"rendered":"Figurol"},"content":{"rendered":"<h2><strong>Figurol Erfahrungen\u00a0<\/strong><\/h2>\n<p data-start=\"150\" data-end=\"595\">Figurol Kapseln gelten als beliebtes Mittel, wenn es darum geht, schnell Gewicht zu verlieren. Doch ihr Einsatz beschr\u00e4nkt sich nicht nur auf leichte Gewichtsreduktion \u2013 auch bei starkem \u00dcbergewicht und Fettleibigkeit werden sie als passende L\u00f6sung beworben. Der Hersteller verspricht zudem eine langfristige Wirkung bei der Regulierung des K\u00f6rpergewichts. Zus\u00e4tzlich sollen die Kapseln die Darmgesundheit f\u00f6rdern und das Energieniveau steigern.<\/p>\n<p data-start=\"597\" data-end=\"940\">Diese umfassenden Effekte sollen durch die ausschlie\u00dfliche Nutzung nat\u00fcrlicher Inhaltsstoffe erreicht werden, die eine gute Vertr\u00e4glichkeit garantieren \u2013 so die Angaben des Herstellers. Was tats\u00e4chlich hinter den Figurol Premium Body Balance Kapseln steckt und welche wichtigen Informationen Sie kennen sollten, erfahren Sie in diesem Bericht.<\/p>\n<h3 data-start=\"80\" data-end=\"100\"><strong>Was ist Figurol?<\/strong><\/h3>\n<p data-start=\"102\" data-end=\"267\">Figurol ist ein Nahrungserg\u00e4nzungsmittel in Kapselform, das speziell zur Unterst\u00fctzung der Gewichtsabnahme entwickelt wurde. Es wird ausschlie\u00dflich online verkauft.<\/p>\n<p data-start=\"269\" data-end=\"513\">Das Produkt enth\u00e4lt eine sorgf\u00e4ltig ausgew\u00e4hlte Mischung hochwertiger, rein nat\u00fcrlicher Inhaltsstoffe. Diese sollen den Stoffwechsel anregen und die Fettverbrennung steigern, sodass auch hartn\u00e4ckige Fettreserven leichter abgebaut werden k\u00f6nnen.<\/p>\n<p data-start=\"515\" data-end=\"855\">Die Inhaltsstoffe sind darauf ausgelegt, Fett als Energiequelle zu nutzen. Dadurch soll eine Gewichtsreduktion m\u00f6glich sein, ohne dass man seine Ern\u00e4hrung radikal umstellen oder intensiv trainieren muss. Zus\u00e4tzlich wird Figurol eine positive Wirkung auf das allgemeine Wohlbefinden, das Energieniveau sowie die Darmgesundheit zugeschrieben.<\/p>\n<h3 data-start=\"117\" data-end=\"175\"><strong>Figurol Erfahrungen und Bewertungen von Anwender:innen<\/strong><\/h3>\n<p data-start=\"177\" data-end=\"471\">Um ein umfassendes Bild zur Wirksamkeit der Figurol Kapseln aus Sicht der Nutzer:innen zu bekommen, haben wir zahlreiche Erfahrungsberichte und Bewertungen im Internet ausgewertet. Sowohl auf der Herstellerseite als auch in sozialen Netzwerken und diversen Foren fanden wir viele Kundenstimmen.<\/p>\n<p data-start=\"473\" data-end=\"816\">Die Mehrheit der Berichte f\u00e4llt sehr positiv aus. Viele Anwender:innen berichten von deutlichen Erfolgen bei der Gewichtsabnahme schon kurz nach Beginn der Einnahme. \u00dcber die reine Gewichtsreduktion hinaus berichten sie von einem gesteigerten Wohlbefinden und mehr Energie. Auch die positive Wirkung auf die Darmgesundheit wird h\u00e4ufig erw\u00e4hnt.<\/p>\n<p data-start=\"818\" data-end=\"967\">Besonders gelobt werden die gute Vertr\u00e4glichkeit der Kapseln und die schnelle Lieferung. Auch der Kundenservice erh\u00e4lt durchweg positive Bewertungen.<\/p>\n<hr data-start=\"969\" data-end=\"972\" \/>\n<p data-start=\"974\" data-end=\"1166\"><strong data-start=\"974\" data-end=\"984\">Max H.<\/strong><br data-start=\"984\" data-end=\"987\" \/><em data-start=\"987\" data-end=\"1126\">Top Produkt! Figurol hat bei mir super gewirkt. Schnelle Lieferung und einfache Einnahme. Ich bin zufrieden und empfehle es gerne weiter.<\/em><br data-start=\"1126\" data-end=\"1129\" \/>18 Tage her \u00b7 Gef\u00e4llt mir \u00b7 Antworten<\/p>\n<hr data-start=\"1168\" data-end=\"1171\" \/>\n<p data-start=\"1173\" data-end=\"1621\"><strong data-start=\"1173\" data-end=\"1196\">Antwort von Anna L.<\/strong><br data-start=\"1196\" data-end=\"1199\" \/><em data-start=\"1199\" data-end=\"1586\">Ich nehme Figurol jetzt seit etwa 3 Monaten und bin wirklich beeindruckt, wie gut die Kapseln funktionieren. Ich hatte vorher andere Produkte ausprobiert, aber keine zeigte so schnell Wirkung. Meine Verdauung hat sich verbessert und ich f\u00fchle mich allgemein viel energiegeladener. Die Lieferung war schnell, und der Kundenservice war freundlich, als ich eine Frage zur Dosierung hatte.<\/em><br data-start=\"1586\" data-end=\"1589\" \/>29. November 2024 \u00b7 Hilfreich: 2<\/p>\n<hr data-start=\"1623\" data-end=\"1626\" \/>\n<p data-start=\"1628\" data-end=\"1940\"><strong data-start=\"1628\" data-end=\"1652\">Beitrag von Jonas M.<\/strong><br data-start=\"1652\" data-end=\"1655\" \/><em data-start=\"1655\" data-end=\"1912\">Meine Erfahrung mit Figurol ist sehr positiv. Bereits in den ersten zwei Wochen habe ich 3 Kilo verloren, ohne meine Ern\u00e4hrung gro\u00df zu ver\u00e4ndern. Ich habe weniger Hunger und f\u00fchle mich weniger aufgebl\u00e4ht. Der Preis ist f\u00fcr die Qualit\u00e4t absolut angemessen.<\/em><br data-start=\"1912\" data-end=\"1915\" \/>26. Dezember 2024 \u2013 18:37<\/p>\n<hr data-start=\"1942\" data-end=\"1945\" \/>\n<h3 data-start=\"78\" data-end=\"123\"><strong>Figurol Test \u2013 Unsere Analyse der Wirkung<\/strong><\/h3>\n<p data-start=\"125\" data-end=\"445\">Um die Wirksamkeit der Figurol Abnehmkapseln objektiv zu beurteilen, haben wir neben der Auswertung von Kundenmeinungen auch einen eigenen Produkttest durchgef\u00fchrt. Unsere Testperson, die 36-j\u00e4hrige Lena, hatte w\u00e4hrend ihrer Schwangerschaft 14 Kilogramm zugenommen, die sie nach der Geburt nicht wieder loswerden konnte.<\/p>\n<p data-start=\"447\" data-end=\"796\">Trotz mehrerer Di\u00e4tversuche und Ern\u00e4hrungsumstellungen gelang ihr die Gewichtsabnahme bisher nicht, was vor allem an fehlender Disziplin f\u00fcr eine dauerhafte Umstellung lag. Zus\u00e4tzlich zu ihrem Unwohlsein wegen ihres Gewichts litt Lena unter Energiemangel und gelegentlichen Verdauungsproblemen. Somit war sie ideal f\u00fcr unseren Figurol Test geeignet.<\/p>\n<p data-start=\"798\" data-end=\"1206\"><strong data-start=\"798\" data-end=\"808\">Tag 1:<\/strong> Zu Beginn best\u00e4tigte Lena, keine Medikamente einzunehmen, gesund zu sein und nicht zu stillen. Die empfohlene Dosierung wurde in einem Gespr\u00e4ch festgelegt: 2 Kapseln t\u00e4glich, wie vom Hersteller empfohlen. Lena sollte ihre Ern\u00e4hrungs- und Lebensgewohnheiten w\u00e4hrend des Tests beibehalten, um die Ergebnisse nicht zu verf\u00e4lschen. Bei einer K\u00f6rpergr\u00f6\u00dfe von 1,65 m lag ihr Ausgangsgewicht bei 80,5 kg.<\/p>\n<p data-start=\"1208\" data-end=\"1410\"><strong data-start=\"1208\" data-end=\"1219\">Tag 15:<\/strong> Nach zwei Wochen zeigte die Waage eine Gewichtsabnahme von 2,9 kg. Lena berichtete von einer einfachen Einnahme ohne Nebenwirkungen. Stattdessen f\u00fchlte sie sich insgesamt besser und vitaler.<\/p>\n<p data-start=\"1412\" data-end=\"1737\"><strong data-start=\"1412\" data-end=\"1423\">Tag 30:<\/strong> Nach einem Monat regelm\u00e4\u00dfiger Einnahme hatte Lena insgesamt 4,6 kg verloren. Sie bemerkte au\u00dferdem eine verringerte Appetitlust, ein schnelleres S\u00e4ttigungsgef\u00fchl und das Ausbleiben von Hei\u00dfhungerattacken. Auch ihre Verdauungsprobleme verbesserten sich deutlich. Der Test endete mit einem durchweg positiven Fazit.<\/p>\n<p data-start=\"1412\" data-end=\"1737\"><strong>Tipp: Hier klicken, um die Figurol Kapseln zum besten Preis zu sichern!<\/strong><\/p>\n<h3 data-start=\"73\" data-end=\"119\"><strong>F\u00fcr wen sind die Figurol Kapseln geeignet?<\/strong><\/h3>\n<p data-start=\"121\" data-end=\"403\">Die Figurol Premium Body Balance Kapseln sind speziell f\u00fcr Erwachsene gedacht, die ihr K\u00f6rpergewicht auf nat\u00fcrliche Weise reduzieren m\u00f6chten. Die sorgf\u00e4ltig ausgew\u00e4hlten Inhaltsstoffe unterst\u00fctzen den Stoffwechsel und die Fettverbrennung (Lipolyse), was den Gewichtsverlust f\u00f6rdert.<\/p>\n<p data-start=\"405\" data-end=\"642\">Besonders geeignet sind die Kapseln f\u00fcr Menschen mit starkem \u00dcbergewicht oder gesundheitlichen Problemen wie Adipositas. Sie helfen nicht nur bei der Gewichtsabnahme, sondern auch dabei, das erreichte Wunschgewicht langfristig zu halten.<\/p>\n<p data-start=\"644\" data-end=\"780\">Zus\u00e4tzlich unterst\u00fctzen die Kapseln bei Energiemangel und tragen zur Verbesserung der allgemeinen Gesundheit sowie der Darmfunktion bei.<\/p>\n<h3 data-start=\"57\" data-end=\"102\"><strong>Gibt es einen Figurol Stiftung Warentest?<\/strong><\/h3>\n<p data-start=\"104\" data-end=\"492\">In den letzten Jahren ist das Interesse an Nahrungserg\u00e4nzungsmitteln, die den Stoffwechsel anregen und die Fettverbrennung unterst\u00fctzen, stark gestiegen. Viele dieser Produkte wurden bereits von der unabh\u00e4ngigen Verbraucherorganisation Stiftung Warentest gepr\u00fcft und bewertet. Eine Recherche zeigt jedoch, dass bisher kein Bericht \u00fcber Figurol von Stiftung Warentest ver\u00f6ffentlicht wurde.<\/p>\n<h3 data-start=\"494\" data-end=\"553\"><strong>Gibt es andere offizielle Studien- oder Testergebnisse?<\/strong><\/h3>\n<p data-start=\"555\" data-end=\"883\">Laut Hersteller wurden die Figurol Premium Body Balance Kapseln in wissenschaftlichen Studien untersucht. Dabei zeigte sich bei 80 Prozent der Teilnehmer eine durchschnittliche Gewichtsreduktion von 8 Kilogramm pro Monat. Zus\u00e4tzlich best\u00e4tigen unabh\u00e4ngige Tests und Erfahrungsberichte von Anwendern die Wirksamkeit des Produkts.<\/p>\n<p data-start=\"885\" data-end=\"1133\">Zudem existieren wissenschaftliche Studien, die die Wirksamkeit der einzelnen Inhaltsstoffe belegen. Diese Ergebnisse unterst\u00fctzen die Annahme, dass bestimmte Inhaltsstoffe in Figurol den Stoffwechsel anregen und die Fettverbrennung f\u00f6rdern k\u00f6nnen.<\/p>\n<h3 data-start=\"119\" data-end=\"153\"><strong>Figurol Einnahme und Dosierung<\/strong><\/h3>\n<p data-start=\"155\" data-end=\"487\">Die Einnahme der Figurol Kapseln ist einfach und l\u00e4sst sich gut in den Alltag integrieren. F\u00fcr eine optimale Wirkung ist es wichtig, die vom Hersteller empfohlene Dosierung genau einzuhalten. Laut Packungsbeilage sollen t\u00e4glich <strong data-start=\"383\" data-end=\"399\">zwei Kapseln<\/strong> mit ausreichend Fl\u00fcssigkeit, idealerweise zwei gro\u00dfe Gl\u00e4ser Wasser, eingenommen werden.<\/p>\n<p data-start=\"489\" data-end=\"761\">Der Hersteller empfiehlt, die Kapseln <strong data-start=\"527\" data-end=\"596\">15 bis 30 Minuten vor einer Hauptmahlzeit oder w\u00e4hrend des Essens<\/strong> einzunehmen. Die Kapseln sind kompakt und somit leicht schluckbar. Personen mit Schluckbeschwerden k\u00f6nnen die Kapseln auch \u00f6ffnen und das Pulver in Wasser aufl\u00f6sen.<\/p>\n<h3 data-start=\"768\" data-end=\"800\"><strong>Wirkung und Wirkungseintritt<\/strong><\/h3>\n<p data-start=\"802\" data-end=\"1076\">Figurol basiert laut Hersteller auf verschiedenen Mechanismen, die das Gewichtsmanagement unterst\u00fctzen und gleichzeitig das allgemeine Wohlbefinden sowie die Stoffwechselaktivit\u00e4t f\u00f6rdern. Zudem soll die Einnahme das Energieniveau steigern und die Darmgesundheit verbessern.<\/p>\n<p data-start=\"1078\" data-end=\"1375\">Der Zeitpunkt, ab dem die Wirkung sp\u00fcrbar ist, variiert individuell. F\u00fcr eine maximale Effektivit\u00e4t wird eine <strong data-start=\"1188\" data-end=\"1240\">kontinuierliche Einnahme \u00fcber mindestens 30 Tage<\/strong> empfohlen. Aufgrund der nat\u00fcrlichen Inhaltsstoffe und guten Vertr\u00e4glichkeit kann das Produkt bedenkenlos auch l\u00e4nger verwendet werden.<\/p>\n<h3 data-start=\"1382\" data-end=\"1407\"><strong>Figurol Inhaltsstoffe<\/strong><\/h3>\n<p data-start=\"1409\" data-end=\"1583\">Figurol enth\u00e4lt eine Reihe nat\u00fcrlicher Wirkstoffe, die den Stoffwechsel anregen und die Fettverbrennung f\u00f6rdern \u2013 dabei zeichnen sie sich durch eine hohe Vertr\u00e4glichkeit aus:<\/p>\n<ul data-start=\"1585\" data-end=\"2541\">\n<li data-start=\"1585\" data-end=\"1727\">\n<p data-start=\"1587\" data-end=\"1727\"><strong data-start=\"1587\" data-end=\"1613\">Bockshornklee-Extrakt:<\/strong> Belebt den Stoffwechsel, unterst\u00fctzt die Verdauung, stabilisiert den Blutzuckerspiegel und verringert Hei\u00dfhunger.<\/p>\n<\/li>\n<li data-start=\"1728\" data-end=\"1891\">\n<p data-start=\"1730\" data-end=\"1891\"><strong data-start=\"1730\" data-end=\"1744\">L-Arginin:<\/strong> Essentielle Aminos\u00e4ure, verbessert die Blutzirkulation, erh\u00f6ht die Sauerstoffversorgung der Zellen und f\u00f6rdert Fettverbrennung sowie Muskelaufbau.<\/p>\n<\/li>\n<li data-start=\"1892\" data-end=\"2046\">\n<p data-start=\"1894\" data-end=\"2046\"><strong data-start=\"1894\" data-end=\"1915\">Capsicum-Extrakt:<\/strong> Enth\u00e4lt Capsaicin, das die Thermogenese (W\u00e4rmeproduktion) steigert, den Energieverbrauch erh\u00f6ht und die Fettverbrennung ankurbelt.<\/p>\n<\/li>\n<li data-start=\"2047\" data-end=\"2199\">\n<p data-start=\"2049\" data-end=\"2199\"><strong data-start=\"2049\" data-end=\"2063\">Isoleucin:<\/strong> Essentielle Aminos\u00e4ure, reguliert den Energiehaushalt, kontrolliert den Blutzuckerspiegel und unterst\u00fctzt die Reduktion von Fettdepots.<\/p>\n<\/li>\n<li data-start=\"2200\" data-end=\"2317\">\n<p data-start=\"2202\" data-end=\"2317\"><strong data-start=\"2202\" data-end=\"2211\">Zink:<\/strong> Essentielles Spurenelement, st\u00e4rkt das Immunsystem, reguliert Hormone und optimiert den Fettstoffwechsel.<\/p>\n<\/li>\n<li data-start=\"2318\" data-end=\"2433\">\n<p data-start=\"2320\" data-end=\"2433\"><strong data-start=\"2320\" data-end=\"2331\">Leucin:<\/strong> Wichtig f\u00fcr den Erhalt und Aufbau von Muskelmasse, unterst\u00fctzt die Energiegewinnung aus Fettreserven.<\/p>\n<\/li>\n<li data-start=\"2434\" data-end=\"2541\">\n<p data-start=\"2436\" data-end=\"2541\"><strong data-start=\"2436\" data-end=\"2448\">L-Valin:<\/strong> F\u00f6rdert Muskelregeneration und erh\u00e4lt die k\u00f6rperliche Leistungsf\u00e4higkeit w\u00e4hrend einer Di\u00e4t.<\/p>\n<\/li>\n<\/ul>\n<p data-start=\"2543\" data-end=\"2758\">Die Kapselh\u00fclle besteht aus mikrokristalliner Cellulose, was das Produkt f\u00fcr Veganer und Vegetarier geeignet macht. Zudem sind die Inhaltsstoffe <strong data-start=\"2688\" data-end=\"2721\">glutenfrei und gentechnikfrei<\/strong>, was positiv zur Bewertung beitr\u00e4gt.<\/p>\n<h3 data-start=\"117\" data-end=\"168\"><strong>Sind mit Nebenwirkungen und Risiken zu rechnen?<\/strong><\/h3>\n<p data-start=\"170\" data-end=\"428\">Laut Hersteller sind die Figurol Kapseln dank ihrer nat\u00fcrlichen Inhaltsstoffe <strong data-start=\"248\" data-end=\"267\">gut vertr\u00e4glich<\/strong>. Bisher sind keine signifikanten Nebenwirkungen bekannt. Erfahrungsberichte von Anwendern best\u00e4tigen, dass unerw\u00fcnschte Effekte selten oder gar nicht auftreten.<\/p>\n<p data-start=\"430\" data-end=\"562\">Dennoch wird empfohlen, vor der Einnahme individuell zu pr\u00fcfen, ob eine Unvertr\u00e4glichkeit gegen\u00fcber einem der Inhaltsstoffe besteht.<\/p>\n<p data-start=\"564\" data-end=\"852\">Das Produkt ist f\u00fcr Erwachsene ab 18 Jahren geeignet. Um das Risiko von Nebenwirkungen m\u00f6glichst gering zu halten, sollte die <strong data-start=\"690\" data-end=\"759\">empfohlene Dosierung von zwei Kapseln t\u00e4glich nicht \u00fcberschritten<\/strong> werden. Diese Ma\u00dfnahme dient der Sicherheit und hilft, unerw\u00fcnschte Reaktionen zu vermeiden.<\/p>\n<h3 data-start=\"859\" data-end=\"914\"><strong>Wo kann man Figurol kaufen? Apotheke, Amazon, eBay?<\/strong><\/h3>\n<p data-start=\"916\" data-end=\"1103\">Der Kauf von Figurol wird ausschlie\u00dflich \u00fcber die <strong data-start=\"966\" data-end=\"1005\">offizielle Webseite des Herstellers<\/strong> empfohlen. So wird die Echtheit des Produkts garantiert und das Risiko von F\u00e4lschungen vermieden.<\/p>\n<p data-start=\"1105\" data-end=\"1347\">Eigene Erfahrungen zeigen, dass der Bestellvorgang auf der offiziellen Seite sicher und zuverl\u00e4ssig ist. Zudem profitieren Kunden dort von <strong data-start=\"1244\" data-end=\"1267\">exklusiven Rabatten<\/strong> und unter bestimmten Bedingungen von einer <strong data-start=\"1311\" data-end=\"1346\">60-t\u00e4gigen Geld-zur\u00fcck-Garantie<\/strong>.<\/p>\n<p data-start=\"1349\" data-end=\"1591\">Derzeit ist Figurol <strong data-start=\"1369\" data-end=\"1412\">nicht in Apotheken oder Drogeriem\u00e4rkten<\/strong> erh\u00e4ltlich. Ebenso wird von K\u00e4ufen \u00fcber Drittanbieter-Plattformen wie <strong data-start=\"1483\" data-end=\"1522\">Amazon oder eBay dringend abgeraten<\/strong>, da hier oft gef\u00e4lschte oder minderwertige Produkte verkauft werden.<\/p>\n<h3 data-start=\"1598\" data-end=\"1627\"><strong>Wie hoch sind die Kosten?<\/strong><\/h3>\n<p data-start=\"1629\" data-end=\"1685\">Der Preis f\u00fcr Figurol h\u00e4ngt von der bestellten Menge ab:<\/p>\n<ul data-start=\"1687\" data-end=\"1920\">\n<li data-start=\"1687\" data-end=\"1784\">\n<p data-start=\"1689\" data-end=\"1784\"><strong data-start=\"1689\" data-end=\"1716\">1 Packung (60 Kapseln):<\/strong> ca. 49,95 \u20ac plus 4,95 \u20ac Versandkosten (regul\u00e4rer Preis ca. 79,95 \u20ac)<\/p>\n<\/li>\n<li data-start=\"1785\" data-end=\"1852\">\n<p data-start=\"1787\" data-end=\"1852\"><strong data-start=\"1787\" data-end=\"1803\">2 Packungen:<\/strong> ca. 39,97 \u20ac pro Packung, Versandkosten entfallen<\/p>\n<\/li>\n<li data-start=\"1853\" data-end=\"1920\">\n<p data-start=\"1855\" data-end=\"1920\"><strong data-start=\"1855\" data-end=\"1871\">3 Packungen:<\/strong> ca. 36,65 \u20ac pro Packung, Versandkosten entfallen<\/p>\n<\/li>\n<\/ul>\n<p data-start=\"1922\" data-end=\"2016\">Wer gr\u00f6\u00dfere Mengen bestellt, profitiert also von g\u00fcnstigeren Preisen und kostenfreiem Versand.<\/p>\n<h3 data-start=\"74\" data-end=\"95\"><strong>Figurol Bewertung<\/strong><\/h3>\n<p data-start=\"97\" data-end=\"465\">Unsere Analyse des Schlankheitsprodukts <strong data-start=\"137\" data-end=\"148\">Figurol<\/strong> f\u00e4llt durchweg positiv aus. Nach gr\u00fcndlicher Pr\u00fcfung best\u00e4tigen wir, dass das Produkt mit seiner nachgewiesenen Wirksamkeit eine hervorragende Option f\u00fcr eine <strong data-start=\"308\" data-end=\"340\">langfristige Gewichtsabnahme<\/strong> darstellt. Im Rahmen eines Tests konnte bei einer Testperson eine deutliche Gewichtsreduktion von <strong data-start=\"439\" data-end=\"449\">4,6 kg<\/strong> erzielt werden.<\/p>\n<p data-start=\"467\" data-end=\"826\"><strong data-start=\"467\" data-end=\"499\">Figurol Premium Body Balance<\/strong> \u00fcberzeugt durch seine einfache Anwendung und sehr gute Vertr\u00e4glichkeit. Als veganes und glutenfreies Nahrungserg\u00e4nzungsmittel ist es f\u00fcr viele Menschen gut geeignet. Die Kapseln bieten dar\u00fcber hinaus mehrere gesundheitliche Vorteile, wie die F\u00f6rderung der <strong data-start=\"756\" data-end=\"774\">Darmgesundheit<\/strong> und eine sp\u00fcrbare <strong data-start=\"793\" data-end=\"825\">Steigerung des Energielevels<\/strong>.<\/p>\n<p data-start=\"828\" data-end=\"1073\">Aufgrund dieser positiven Ergebnisse sprechen wir eine <strong data-start=\"883\" data-end=\"903\">klare Empfehlung<\/strong> f\u00fcr die Figurol Kapseln aus \u2013 insbesondere f\u00fcr Personen, die eine nachhaltige Gewichtsreduktion anstreben und gleichzeitig ihre allgemeine Gesundheit verbessern m\u00f6chten.<\/p>\n<h3 data-start=\"90\" data-end=\"128\">H\u00e4ufig gestellte Fragen zu Figurol<\/h3>\n<p data-start=\"130\" data-end=\"470\"><strong data-start=\"130\" data-end=\"164\">Kann man mit Figurol abnehmen?<\/strong><br data-start=\"164\" data-end=\"167\" \/>Unsere internen Tests zeigen, dass die regelm\u00e4\u00dfige Einnahme von Figurol die Gewichtsabnahme effektiv unterst\u00fctzen kann. Zahlreiche positive Erfahrungsberichte best\u00e4tigen zus\u00e4tzlich die Wirksamkeit. Neben dem Gewichtsverlust berichten Anwender auch von mehr Energie und einer verbesserten Darmgesundheit.<\/p>\n<p data-start=\"472\" data-end=\"683\"><strong data-start=\"472\" data-end=\"495\">Ist Figurol seri\u00f6s?<\/strong><br data-start=\"495\" data-end=\"498\" \/>Ja. Unsere gr\u00fcndlichen Recherchen und Tests best\u00e4tigen die Seriosit\u00e4t des Herstellers und die Wirksamkeit der Kapseln. Figurol ist eine verl\u00e4ssliche Unterst\u00fctzung f\u00fcr den Abnehmprozess.<\/p>\n<p data-start=\"685\" data-end=\"930\"><strong data-start=\"685\" data-end=\"742\">Gibt es einen Kundenservice f\u00fcr Fragen oder Probleme?<\/strong><br data-start=\"742\" data-end=\"745\" \/>Ja, der Hersteller bietet einen gut erreichbaren Kundenservice per E-Mail. Die R\u00fcckmeldungen bisheriger K\u00e4ufer zeigen, dass der Support als sehr hilfreich und freundlich empfunden wird.<\/p>\n<p data-start=\"932\" data-end=\"1219\"><strong data-start=\"932\" data-end=\"970\">Gibt es ein eigenes Figurol Forum?<\/strong><br data-start=\"970\" data-end=\"973\" \/>Ein spezielles Forum nur f\u00fcr Figurol existiert aktuell nicht. Die offizielle Website stellt aber umfangreiche Informationen bereit. Zus\u00e4tzlich k\u00f6nnen Anwender sich in allgemeinen Foren zu Abnehmen und Gesundheit \u00fcber ihre Erfahrungen austauschen.<\/p>\n<p data-start=\"1221\" data-end=\"1447\"><strong data-start=\"1221\" data-end=\"1265\">Kann man Figurol in der Apotheke kaufen?<\/strong><br data-start=\"1265\" data-end=\"1268\" \/>Derzeit ist Figurol nicht in Apotheken oder Drogerien erh\u00e4ltlich. Der Kauf sollte ausschlie\u00dflich \u00fcber die offizielle Website des Herstellers erfolgen, um F\u00e4lschungen zu vermeiden.<\/p>\n","protected":false},"excerpt":{"rendered":"<p>Figurol Erfahrungen\u00a0 Figurol Kapseln gelten als beliebtes Mittel, wenn es darum geht, schnell Gewicht zu verlieren. Doch ihr Einsatz beschr\u00e4nkt sich nicht nur auf leichte Gewichtsreduktion \u2013 auch bei starkem \u00dcbergewicht und Fettleibigkeit werden sie als passende L\u00f6sung beworben. Der Hersteller verspricht zudem eine langfristige Wirkung bei der Regulierung des K\u00f6rpergewichts. Zus\u00e4tzlich sollen die Kapseln &#8230; <a title=\"Figurol\" class=\"read-more\" href=\"https:\/\/dr-ramm.de\/apotheke\/product\/figurol\/\" aria-label=\"Mehr Informationen \u00fcber Figurol\">Weiterlesen<\/a><\/p>\n","protected":false},"featured_media":65,"comment_status":"open","ping_status":"closed","template":"","meta":[],"product_brand":[],"product_cat":[16],"product_tag":[],"class_list":{"0":"post-64","1":"product","2":"type-product","3":"status-publish","4":"has-post-thumbnail","6":"product_cat-diaet","8":"first","9":"instock","10":"sale","11":"shipping-taxable","12":"product-type-external"},"_links":{"self":[{"href":"https:\/\/dr-ramm.de\/apotheke\/wp-json\/wp\/v2\/product\/64","targetHints":{"allow":["GET"]}}],"collection":[{"href":"https:\/\/dr-ramm.de\/apotheke\/wp-json\/wp\/v2\/product"}],"about":[{"href":"https:\/\/dr-ramm.de\/apotheke\/wp-json\/wp\/v2\/types\/product"}],"replies":[{"embeddable":true,"href":"https:\/\/dr-ramm.de\/apotheke\/wp-json\/wp\/v2\/comments?post=64"}],"wp:featuredmedia":[{"embeddable":true,"href":"https:\/\/dr-ramm.de\/apotheke\/wp-json\/wp\/v2\/media\/65"}],"wp:attachment":[{"href":"https:\/\/dr-ramm.de\/apotheke\/wp-json\/wp\/v2\/media?parent=64"}],"wp:term":[{"taxonomy":"product_brand","embeddable":true,"href":"https:\/\/dr-ramm.de\/apotheke\/wp-json\/wp\/v2\/product_brand?post=64"},{"taxonomy":"product_cat","embeddable":true,"href":"https:\/\/dr-ramm.de\/apotheke\/wp-json\/wp\/v2\/product_cat?post=64"},{"taxonomy":"product_tag","embeddable":true,"href":"https:\/\/dr-ramm.de\/apotheke\/wp-json\/wp\/v2\/product_tag?post=64"}],"curies":[{"name":"wp","href":"https:\/\/api.w.org\/{rel}","templated":true}]}}